{"id":523,"date":"2023-01-11T17:46:42","date_gmt":"2023-01-11T16:46:42","guid":{"rendered":"https:\/\/djax.se\/blog\/?page_id=2"},"modified":"2024-09-28T16:41:20","modified_gmt":"2024-09-28T14:41:20","slug":"om-mig","status":"publish","type":"page","link":"https:\/\/djax.se\/?page_id=523","title":{"rendered":"Om mig"},"content":{"rendered":"\n<p>Jag \u00e4r en effektiviserare som anv\u00e4nder mjukvara till att skapa v\u00e4rde f\u00f6r m\u00e4nniskor. Har en bakgrund som elkunnig automationsingenj\u00f6r, systemutvecklare och mjukvaruarkitekt.<\/p>\n\n\n\n<p>Nu f\u00f6r tiden r\u00f6r jag mig fritt fr\u00e5n h\u00e5rdvara till mjukvara. L\u00e5gniv\u00e5 till h\u00f6gniv\u00e5. Fr\u00e5n OT till IT. Fr\u00e5n edge till moln. Fr\u00e5n backend till frontend. Fr\u00e5n kod till business. Och det vill jag forts\u00e4tta med.<\/p>\n\n\n\n<p>P\u00e5 den h\u00e4r platsen skriver jag lite om mina egna tankar kring teknik. Inget av texterna \u00e4r genererade av AI.<\/p>\n\n\n\n<figure class=\"wp-block-image size-large\"><img loading=\"lazy\" decoding=\"async\" width=\"1024\" height=\"765\" src=\"http:\/\/localhost:8081\/wp-content\/uploads\/2024\/03\/IMG_1964_JLred-scaled-1-1024x765.jpg\" alt=\"\" class=\"wp-image-552\" srcset=\"https:\/\/djax.se\/wp-content\/uploads\/2024\/03\/IMG_1964_JLred-scaled-1-1024x765.jpg 1024w, https:\/\/djax.se\/wp-content\/uploads\/2024\/03\/IMG_1964_JLred-scaled-1-300x224.jpg 300w, https:\/\/djax.se\/wp-content\/uploads\/2024\/03\/IMG_1964_JLred-scaled-1-768x574.jpg 768w, https:\/\/djax.se\/wp-content\/uploads\/2024\/03\/IMG_1964_JLred-scaled-1-1536x1147.jpg 1536w, https:\/\/djax.se\/wp-content\/uploads\/2024\/03\/IMG_1964_JLred-scaled-1-2048x1530.jpg 2048w\" sizes=\"auto, (max-width: 1024px) 100vw, 1024px\" \/><\/figure>\n","protected":false},"excerpt":{"rendered":"<p>Jag \u00e4r en effektiviserare som anv\u00e4nder mjukvara till att skapa v\u00e4rde f\u00f6r m\u00e4nniskor. Har en bakgrund som elkunnig automationsingenj\u00f6r, systemutvecklare och mjukvaruarkitekt. Nu f\u00f6r tiden r\u00f6r jag mig fritt fr\u00e5n h\u00e5rdvara till mjukvara. L\u00e5gniv\u00e5 till h\u00f6gniv\u00e5. Fr\u00e5n OT till IT. Fr\u00e5n edge till moln. Fr\u00e5n backend till frontend. Fr\u00e5n kod till business. Och det vill [&hellip;]<\/p>\n","protected":false},"author":1,"featured_media":0,"parent":0,"menu_order":0,"comment_status":"closed","ping_status":"closed","template":"","meta":{"footnotes":""},"class_list":["post-523","page","type-page","status-publish","hentry"],"_links":{"self":[{"href":"https:\/\/djax.se\/index.php?rest_route=\/wp\/v2\/pages\/523","targetHints":{"allow":["GET"]}}],"collection":[{"href":"https:\/\/djax.se\/index.php?rest_route=\/wp\/v2\/pages"}],"about":[{"href":"https:\/\/djax.se\/index.php?rest_route=\/wp\/v2\/types\/page"}],"author":[{"embeddable":true,"href":"https:\/\/djax.se\/index.php?rest_route=\/wp\/v2\/users\/1"}],"replies":[{"embeddable":true,"href":"https:\/\/djax.se\/index.php?rest_route=%2Fwp%2Fv2%2Fcomments&post=523"}],"version-history":[{"count":1,"href":"https:\/\/djax.se\/index.php?rest_route=\/wp\/v2\/pages\/523\/revisions"}],"predecessor-version":[{"id":629,"href":"https:\/\/djax.se\/index.php?rest_route=\/wp\/v2\/pages\/523\/revisions\/629"}],"wp:attachment":[{"href":"https:\/\/djax.se\/index.php?rest_route=%2Fwp%2Fv2%2Fmedia&parent=523"}],"curies":[{"name":"wp","href":"https:\/\/api.w.org\/{rel}","templated":true}]}}